{"id":114,"date":"2023-11-30T11:59:11","date_gmt":"2023-11-30T10:59:11","guid":{"rendered":"https:\/\/opticienletouvet.com\/avis\/?page_id=114"},"modified":"2024-03-19T16:41:04","modified_gmt":"2024-03-19T15:41:04","slug":"votre-avis-compte-pour-nous","status":"publish","type":"page","link":"https:\/\/opticienletouvet.com\/avis-opticien\/","title":{"rendered":"Votre avis nous int\u00e9resse"},"content":{"rendered":"\n<p class=\"has-contrast-color has-text-color has-link-color wp-elements-ff38ae57bb30e3406008bf79ffb607d2\">Votre satisfaction globale :<\/p>\n\n\n<div class=\"glsr glsr-default\" id=\"glsr_c463ad9b\" data-from=\"block\" data-shortcode=\"site_reviews_form\" data-hide=\"title,terms,email\"><div class=\"glsr-form-wrap\">\n    <form class=\"glsr-review-form glsr-form\" method=\"post\" enctype=\"multipart\/form-data\">\n        <input type=\"hidden\" name=\"site-reviews[_action]\" value=\"submit-review\" \/>\n<input type=\"hidden\" name=\"site-reviews[_nonce]\" value=\"f83bc0ffb1\" \/>\n<input type=\"hidden\" name=\"site-reviews[_post_id]\" value=\"114\" \/>\n<input type=\"hidden\" name=\"site-reviews[_referer]\" value=\"\" \/>\n<input type=\"hidden\" name=\"site-reviews[assigned_posts]\" value=\"\" \/>\n<input type=\"hidden\" name=\"site-reviews[assigned_terms]\" value=\"\" \/>\n<input type=\"hidden\" name=\"site-reviews[assigned_users]\" value=\"\" \/>\n<input type=\"hidden\" name=\"site-reviews[excluded]\" value=\"title, terms, email\" \/>\n<input type=\"hidden\" name=\"site-reviews[form_id]\" value=\"glsr_c463ad9b\" \/>\n<input type=\"hidden\" name=\"site-reviews[terms_exist]\" value=\"0\" \/>\n<input type=\"hidden\" name=\"site-reviews[form_signature]\" value=\"8ejbBuoP8gs6c7E4yRhBthGA-SREjDdCaJSOBPyNtiwVxN9JI2pNwLPzB7Lg0a6g7M_nBQBJjP2PiibLcdGTvyDschYC2XSMPcBVqX_YefjPd4HaesSP_d54jjcfg17xySsN7Fiu9ruU1zGI8Av6U__QpP8dM3OgmxJ-U13litlo99STi5WbbCesIWwL8lyL3kyYtsy0PDRfxmqXR5omUAzYD1X6RJU6gybT5waC9V15AdzuETTCvYOuDIRqdS3YMbdgIPRTSoaRU00lQEOX6SMqcs4F2-OhAttyFsbL4ZUEWwCV5Qq_MW4A21JED_I3NEDg-nvKWgmAavjQmCBgXXRlAEMQzVDaTMQEbmAYXiLynIWxd3pJDf0TJvMvMHQeQsY_1DjaRApa1-RWUwkDoIam1ajfuDhJSA1lxdPgNLsHrKFWdxvP\" \/>\n<div class=\"glsr-field\" style=\"display:none;\"><label for=\"site-reviews-62b2ec05-glsr_c463ad9b\">Votre avis<\/label><input type=\"text\" class=\"glsr-input glsr-input-text\" id=\"site-reviews-62b2ec05-glsr_c463ad9b\" name=\"site-reviews[62b2ec05]\" value=\"\" \/><\/div>\n<div class=\"glsr-field glsr-field-rating\" data-field=\"rating\">\n    <label class=\"glsr-label\" for=\"glsr_c463ad9b-rating\">\n    <span>Votre note globale<\/span>\n<\/label>\n    <select class=\"browser-default disable-select no_wrap no-wrap glsr-select\" id=\"glsr_c463ad9b-rating\" name=\"site-reviews[rating]\"><option value=\"\">S\u00e9lectionnez une note<\/option><option value=\"5\">5 \u00e9toiles<\/option><option value=\"4\">4 \u00e9toiles<\/option><option value=\"3\">3 \u00e9toiles<\/option><option value=\"2\">2 \u00e9toiles<\/option><option value=\"1\">1 \u00e9toile<\/option><\/select>\n    <div class=\"glsr-field-error\"><\/div>\n<\/div>\n<div class=\"glsr-field glsr-field-textarea\" data-field=\"content\">\n    <label class=\"glsr-label\" for=\"glsr_c463ad9b-content\">\n    <span>Votre avis<\/span>\n<\/label>\n    <textarea class=\"glsr-textarea\" id=\"glsr_c463ad9b-content\" name=\"site-reviews[content]\" placeholder=\"Donnez votre avis\" rows=\"5\"><\/textarea>\n    <div class=\"glsr-field-error\"><\/div>\n<\/div>\n<div class=\"glsr-field glsr-field-text\" data-field=\"name\">\n    <label class=\"glsr-label\" for=\"glsr_c463ad9b-name\">\n    <span>Votre nom<\/span>\n<\/label>\n    <input type=\"text\" class=\"glsr-input glsr-input-text\" id=\"glsr_c463ad9b-name\" name=\"site-reviews[name]\" placeholder=\"Donnez votre nom\" value=\"\" \/>\n    <div class=\"glsr-field-error\"><\/div>\n<\/div>\n        <div class=\"glsr-captcha-holder\"><\/div><div class=\"glsr-form-message\">\n    \n<\/div>\n        <div data-field=\"submit-button\">\n    <div class=\"wp-block-button\">\n        <button type=\"submit\" class=\"glsr-button wp-block-button__link\" aria-busy=\"false\" data-loading=\"Submitting, please wait...\">Envoyer un avis<\/button>\n    <\/div>\n<\/div>\n    <\/form>\n<\/div><\/div>\n\n\n<div class=\"wp-block-group has-global-padding is-layout-constrained wp-block-group-is-layout-constrained\" style=\"padding-top:var(--wp--preset--spacing--20);padding-bottom:var(--wp--preset--spacing--20)\"><\/div>\n\n\n\n<div class=\"wp-block-group has-global-padding is-layout-constrained wp-block-group-is-layout-constrained\" style=\"padding-top:var(--wp--preset--spacing--20);padding-bottom:var(--wp--preset--spacing--20)\">\n<script>\ndocument.getElementsByClassName('glsr-textarea')[0].placeholder = \"Partagez votre avis sur l\u2019Opticien\";\ndocument.getElementsByClassName('glsr-input glsr-input-text')[1].placeholder = \"Votre Nom et Pr\u00e9nom ( ou initiales )\";\n<\/script>\n<\/div>\n\n\n\n<h2 class=\"wp-block-heading\">R\u00e9sum\u00e9 des Avis<\/h2>\n\n\n<div class=\"glsr glsr-default\" id=\"glsr_717a7d7c\" data-from=\"block\" data-shortcode=\"site_reviews\" data-display=\"40\" data-hide=\"title,avatar\"><div class=\"glsr-reviews-wrap\">\n    <div class=\"glsr-reviews\">\n        <div class=\"glsr-review\" data-pinned=\"1\" data-type=\"local\" id=\"review-128\" data-assigned='[]'>\n    \n    <div class=\"glsr-review-rating\"><div class=\"glsr-star-rating glsr-stars\" role=\"img\" aria-label=\"Rated 5 out of 5 stars\" data-rating=\"5\" data-reviews=\"0\"><span class=\"glsr-star glsr-star-full\" aria-hidden=\"true\"><\/span><span class=\"glsr-star glsr-star-full\" aria-hidden=\"true\"><\/span><span class=\"glsr-star glsr-star-full\" aria-hidden=\"true\"><\/span><span class=\"glsr-star glsr-star-full\" aria-hidden=\"true\"><\/span><span class=\"glsr-star glsr-star-full\" aria-hidden=\"true\"><\/span><\/div><\/div> <div class=\"glsr-review-date\"><span class=\"glsr-tag-value\">30 novembre 2023<\/span><\/div>\n    \n    <div class=\"glsr-review-content\"><div class=\"glsr-tag-value\" data-expanded=\"false\"><p>Une \u00e9quipe tr\u00e8s sympathique et tr\u00e8s professionnelle.<\/p>\n<p>Ils ont \u00e9t\u00e9 de tr\u00e8s bon conseil et m&#8217;ont accord\u00e9 beaucoup de leur temps pour me rendre le service impeccable.<\/p>\n<\/div><\/div>\n     <div class=\"glsr-review-author\"><span class=\"glsr-tag-value\">Patrick Corbal<\/span><\/div> \n    \n<\/div>\n<div class=\"glsr-review\" data-type=\"local\" id=\"review-170\" data-assigned='[]'>\n    \n    <div class=\"glsr-review-rating\"><div class=\"glsr-star-rating glsr-stars\" role=\"img\" aria-label=\"Rated 5 out of 5 stars\" data-rating=\"5\" data-reviews=\"0\"><span class=\"glsr-star glsr-star-full\" aria-hidden=\"true\"><\/span><span class=\"glsr-star glsr-star-full\" aria-hidden=\"true\"><\/span><span class=\"glsr-star glsr-star-full\" aria-hidden=\"true\"><\/span><span class=\"glsr-star glsr-star-full\" aria-hidden=\"true\"><\/span><span class=\"glsr-star glsr-star-full\" aria-hidden=\"true\"><\/span><\/div><\/div> <div class=\"glsr-review-date\"><span class=\"glsr-tag-value\">8 janvier 2026<\/span><\/div>\n    \n    <div class=\"glsr-review-content\"><div class=\"glsr-tag-value\" data-expanded=\"false\"><p>Suite de mon message pr\u00e9c\u00e9dent. Avec les \u00e9toiles c&#8217;est mieux \ud83d\ude42 !<\/p>\n<\/div><\/div>\n     <div class=\"glsr-review-author\"><span class=\"glsr-tag-value\">Marie France R<\/span><\/div> \n    \n<\/div>\n<div class=\"glsr-review\" data-type=\"local\" id=\"review-169\" data-assigned='[]'>\n    \n    <div class=\"glsr-review-rating\"><div class=\"glsr-star-rating glsr-stars\" role=\"img\" aria-label=\"Rated 0 out of 5 stars\" data-rating=\"0\" data-reviews=\"0\"><span class=\"glsr-star glsr-star-empty\" aria-hidden=\"true\"><\/span><span class=\"glsr-star glsr-star-empty\" aria-hidden=\"true\"><\/span><span class=\"glsr-star glsr-star-empty\" aria-hidden=\"true\"><\/span><span class=\"glsr-star glsr-star-empty\" aria-hidden=\"true\"><\/span><span class=\"glsr-star glsr-star-empty\" aria-hidden=\"true\"><\/span><\/div><\/div> <div class=\"glsr-review-date\"><span class=\"glsr-tag-value\">8 janvier 2026<\/span><\/div>\n    \n    <div class=\"glsr-review-content\"><div class=\"glsr-tag-value\" data-expanded=\"false\"><p>Une \u00e9quipe accueillante, disponible et exp\u00e9riment\u00e9e. Un bilan visuel tr\u00e8s professionnel. Des produits et services de qualit\u00e9.<\/p>\n<\/div><\/div>\n     <div class=\"glsr-review-author\"><span class=\"glsr-tag-value\">Marie France R<\/span><\/div> \n    \n<\/div>\n<div class=\"glsr-review\" data-type=\"local\" id=\"review-167\" data-assigned='[]'>\n    \n    <div class=\"glsr-review-rating\"><div class=\"glsr-star-rating glsr-stars\" role=\"img\" aria-label=\"Rated 5 out of 5 stars\" data-rating=\"5\" data-reviews=\"0\"><span class=\"glsr-star glsr-star-full\" aria-hidden=\"true\"><\/span><span class=\"glsr-star glsr-star-full\" aria-hidden=\"true\"><\/span><span class=\"glsr-star glsr-star-full\" aria-hidden=\"true\"><\/span><span class=\"glsr-star glsr-star-full\" aria-hidden=\"true\"><\/span><span class=\"glsr-star glsr-star-full\" aria-hidden=\"true\"><\/span><\/div><\/div> <div class=\"glsr-review-date\"><span class=\"glsr-tag-value\">11 juin 2025<\/span><\/div>\n    \n    <div class=\"glsr-review-content\"><div class=\"glsr-tag-value\" data-expanded=\"false\"><p>Un service toujours aussi professionnel.<\/p>\n<\/div><\/div>\n     <div class=\"glsr-review-author\"><span class=\"glsr-tag-value\">BAMS<\/span><\/div> \n    \n<\/div>\n<div class=\"glsr-review\" data-type=\"local\" id=\"review-166\" data-assigned='[]'>\n    \n    <div class=\"glsr-review-rating\"><div class=\"glsr-star-rating glsr-stars\" role=\"img\" aria-label=\"Rated 5 out of 5 stars\" data-rating=\"5\" data-reviews=\"0\"><span class=\"glsr-star glsr-star-full\" aria-hidden=\"true\"><\/span><span class=\"glsr-star glsr-star-full\" aria-hidden=\"true\"><\/span><span class=\"glsr-star glsr-star-full\" aria-hidden=\"true\"><\/span><span class=\"glsr-star glsr-star-full\" aria-hidden=\"true\"><\/span><span class=\"glsr-star glsr-star-full\" aria-hidden=\"true\"><\/span><\/div><\/div> <div class=\"glsr-review-date\"><span class=\"glsr-tag-value\">12 mai 2025<\/span><\/div>\n    \n    <div class=\"glsr-review-content\"><div class=\"glsr-tag-value\" data-expanded=\"false\"><p>Nous sommes toujours satisfaits de cette \u00e9quipe sympathique, tr\u00e8s pro et de bon conseil, qui prend toujours le temps n\u00e9cessaire pour offrir un service de qualit\u00e9 (m\u00eame quand, comme moi, vous \u00eates tr\u00e8s ind\u00e9cis!)<\/p>\n<\/div><\/div>\n     <div class=\"glsr-review-author\"><span class=\"glsr-tag-value\">MP<\/span><\/div> \n    \n<\/div>\n<div class=\"glsr-review\" data-type=\"local\" id=\"review-165\" data-assigned='[]'>\n    \n    <div class=\"glsr-review-rating\"><div class=\"glsr-star-rating glsr-stars\" role=\"img\" aria-label=\"Rated 5 out of 5 stars\" data-rating=\"5\" data-reviews=\"0\"><span class=\"glsr-star glsr-star-full\" aria-hidden=\"true\"><\/span><span class=\"glsr-star glsr-star-full\" aria-hidden=\"true\"><\/span><span class=\"glsr-star glsr-star-full\" aria-hidden=\"true\"><\/span><span class=\"glsr-star glsr-star-full\" aria-hidden=\"true\"><\/span><span class=\"glsr-star glsr-star-full\" aria-hidden=\"true\"><\/span><\/div><\/div> <div class=\"glsr-review-date\"><span class=\"glsr-tag-value\">12 f\u00e9vrier 2025<\/span><\/div>\n    \n    <div class=\"glsr-review-content\"><div class=\"glsr-tag-value\" data-expanded=\"false\"><p>Chaque membre de l \u00e9quipe est toujours au top depuis le nombre d ann\u00e9es que ma famille s y rend. Amabilit\u00e9 et professionnalisme de chacun. Je recommande \u00e0 100%.<\/p>\n<\/div><\/div>\n     <div class=\"glsr-review-author\"><span class=\"glsr-tag-value\">C.P<\/span><\/div> \n    \n<\/div>\n<div class=\"glsr-review\" data-type=\"local\" id=\"review-164\" data-assigned='[]'>\n    \n    <div class=\"glsr-review-rating\"><div class=\"glsr-star-rating glsr-stars\" role=\"img\" aria-label=\"Rated 5 out of 5 stars\" data-rating=\"5\" data-reviews=\"0\"><span class=\"glsr-star glsr-star-full\" aria-hidden=\"true\"><\/span><span class=\"glsr-star glsr-star-full\" aria-hidden=\"true\"><\/span><span class=\"glsr-star glsr-star-full\" aria-hidden=\"true\"><\/span><span class=\"glsr-star glsr-star-full\" aria-hidden=\"true\"><\/span><span class=\"glsr-star glsr-star-full\" aria-hidden=\"true\"><\/span><\/div><\/div> <div class=\"glsr-review-date\"><span class=\"glsr-tag-value\">24 d\u00e9cembre 2024<\/span><\/div>\n    \n    <div class=\"glsr-review-content\"><div class=\"glsr-tag-value\" data-expanded=\"false\"><p>Une \u00e9quipe tr\u00e8s professionnelle, d&#8217;une grande patience, qui est \u00e0 l&#8217;\u00e9coute et qui prend le temps n\u00e9cessaire pour donner une prestation de qualit\u00e9.<\/p>\n<\/div><\/div>\n     <div class=\"glsr-review-author\"><span class=\"glsr-tag-value\">JPL<\/span><\/div> \n    \n<\/div>\n<div class=\"glsr-review\" data-type=\"local\" id=\"review-163\" data-assigned='[]'>\n    \n    <div class=\"glsr-review-rating\"><div class=\"glsr-star-rating glsr-stars\" role=\"img\" aria-label=\"Rated 5 out of 5 stars\" data-rating=\"5\" data-reviews=\"0\"><span class=\"glsr-star glsr-star-full\" aria-hidden=\"true\"><\/span><span class=\"glsr-star glsr-star-full\" aria-hidden=\"true\"><\/span><span class=\"glsr-star glsr-star-full\" aria-hidden=\"true\"><\/span><span class=\"glsr-star glsr-star-full\" aria-hidden=\"true\"><\/span><span class=\"glsr-star glsr-star-full\" aria-hidden=\"true\"><\/span><\/div><\/div> <div class=\"glsr-review-date\"><span class=\"glsr-tag-value\">25 octobre 2024<\/span><\/div>\n    \n    <div class=\"glsr-review-content\"><div class=\"glsr-tag-value\" data-expanded=\"false\"><p>Toute notre famille est suivie depuis des ann\u00e9es par cet opticien tr\u00e8s professionnel et dont le conseil est de qualit\u00e9.<\/p>\n<p>Je recommande.<\/p>\n<\/div><\/div>\n     <div class=\"glsr-review-author\"><span class=\"glsr-tag-value\">Am\u00e9lie MANOUVRIER<\/span><\/div> \n    \n<\/div>\n<div class=\"glsr-review\" data-type=\"local\" id=\"review-139\" data-assigned='[]'>\n    \n    <div class=\"glsr-review-rating\"><div class=\"glsr-star-rating glsr-stars\" role=\"img\" aria-label=\"Rated 5 out of 5 stars\" data-rating=\"5\" data-reviews=\"0\"><span class=\"glsr-star glsr-star-full\" aria-hidden=\"true\"><\/span><span class=\"glsr-star glsr-star-full\" aria-hidden=\"true\"><\/span><span class=\"glsr-star glsr-star-full\" aria-hidden=\"true\"><\/span><span class=\"glsr-star glsr-star-full\" aria-hidden=\"true\"><\/span><span class=\"glsr-star glsr-star-full\" aria-hidden=\"true\"><\/span><\/div><\/div> <div class=\"glsr-review-date\"><span class=\"glsr-tag-value\">30 novembre 2023<\/span><\/div>\n    \n    <div class=\"glsr-review-content\"><div class=\"glsr-tag-value\" data-expanded=\"false\"><p>Tr\u00e8s professionnel, une \u00e9quipe \u00e0 l&#8217;\u00e9coute des besoins et des envies de chacun. Ils ont su conseiller toute la famille. Je recommande fortement.<\/p>\n<\/div><\/div>\n     <div class=\"glsr-review-author\"><span class=\"glsr-tag-value\">Isabelle Fontaine<\/span><\/div> \n    <div class=\"glsr-review-response\"><div class=\"glsr-tag-value\" data-expanded=\"false\"><div class=\"glsr-review-response-inner\"><p><strong>R\u00e9ponse de L&#039;Opticien<\/strong><\/p><p>Merci pour votre avis. Cela a \u00e9t\u00e9 un plaisir de vous servir. tr\u00e8s cordialement. Guillaume<\/p>\n<\/div><\/div><\/div>\n<\/div>\n    <\/div>\n    \n<\/div><\/div>\n\n\n<div class=\"wp-block-group has-global-padding is-layout-constrained wp-block-group-is-layout-constrained\" style=\"padding-top:var(--wp--preset--spacing--30);padding-bottom:var(--wp--preset--spacing--30)\"><\/div>\n","protected":false},"excerpt":{"rendered":"<p>Votre satisfaction globale : R\u00e9sum\u00e9 des Avis<\/p>\n","protected":false},"author":1,"featured_media":0,"parent":0,"menu_order":0,"comment_status":"closed","ping_status":"closed","template":"","meta":{"_glsr_average":0,"_glsr_ranking":0,"_glsr_reviews":0,"footnotes":""},"class_list":["post-114","page","type-page","status-publish","hentry"],"_links":{"self":[{"href":"https:\/\/opticienletouvet.com\/avis-opticien\/index.php\/wp-json\/wp\/v2\/pages\/114","targetHints":{"allow":["GET"]}}],"collection":[{"href":"https:\/\/opticienletouvet.com\/avis-opticien\/index.php\/wp-json\/wp\/v2\/pages"}],"about":[{"href":"https:\/\/opticienletouvet.com\/avis-opticien\/index.php\/wp-json\/wp\/v2\/types\/page"}],"author":[{"embeddable":true,"href":"https:\/\/opticienletouvet.com\/avis-opticien\/index.php\/wp-json\/wp\/v2\/users\/1"}],"replies":[{"embeddable":true,"href":"https:\/\/opticienletouvet.com\/avis-opticien\/index.php\/wp-json\/wp\/v2\/comments?post=114"}],"version-history":[{"count":22,"href":"https:\/\/opticienletouvet.com\/avis-opticien\/index.php\/wp-json\/wp\/v2\/pages\/114\/revisions"}],"predecessor-version":[{"id":162,"href":"https:\/\/opticienletouvet.com\/avis-opticien\/index.php\/wp-json\/wp\/v2\/pages\/114\/revisions\/162"}],"wp:attachment":[{"href":"https:\/\/opticienletouvet.com\/avis-opticien\/index.php\/wp-json\/wp\/v2\/media?parent=114"}],"curies":[{"name":"wp","href":"https:\/\/api.w.org\/{rel}","templated":true}]}}